{"id":896,"date":"2023-09-18T09:09:49","date_gmt":"2023-09-18T09:09:49","guid":{"rendered":"https:\/\/annalisafilippi.it\/setting\/"},"modified":"2023-09-18T09:09:49","modified_gmt":"2023-09-18T09:09:49","slug":"setting","status":"publish","type":"page","link":"https:\/\/annalisafilippi.it\/en\/setting\/","title":{"rendered":"Setting"},"content":{"rendered":"\n\t<div class=\"row\">\n\t\t\t\t\t<div class=\"col-lg-12\">\n\t\t\t\t<h2>exhibition<\/h2>\n\t\t\t<\/div>\n\t\t\t\t\t\t\t<article class=\"col-lg-6 dark post-960 luoghi type-luoghi status-publish has-post-thumbnail hentry categoria-exhibition\">\n                \t<div class=\"splide__slide card-luogo post-960 luoghi type-luoghi status-publish has-post-thumbnail hentry categoria-exhibition\">\n\n  <a href=\"https:\/\/annalisafilippi.it\/en\/setting\/sac\/\">\n\n    <div class=\"card-luogo__thumbnail\">\n        <figure>\n          \n          <img loading=\"lazy\" decoding=\"async\" width=\"1080\" height=\"1440\" src=\"https:\/\/annalisafilippi.it\/wp-content\/uploads\/2023\/05\/IMG_3949-1.jpg\" class=\"attachment-big size-big wp-post-image\" alt=\"SAC Spazio Arte Contemporanea\" srcset=\"https:\/\/annalisafilippi.it\/wp-content\/uploads\/2023\/05\/IMG_3949-1.jpg 1080w, https:\/\/annalisafilippi.it\/wp-content\/uploads\/2023\/05\/IMG_3949-1-225x300.jpg 225w, https:\/\/annalisafilippi.it\/wp-content\/uploads\/2023\/05\/IMG_3949-1-768x1024.jpg 768w\" sizes=\"auto, (max-width: 1080px) 100vw, 1080px\" \/>\n          <svg xmlns=\"http:\/\/www.w3.org\/2000\/svg\" width=\"139.822\" height=\"139.822\" viewBox=\"0 0 139.822 139.822\">\n            <g id=\"Raggruppa_74\" data-name=\"Raggruppa 74\" transform=\"translate(-51.253 102.869) rotate(-45)\">\n              <line id=\"Linea_2\" data-name=\"Linea 2\" x2=\"124.772\" transform=\"translate(14.242 62.37)\" fill=\"none\" stroke=\"#efeeed\" stroke-width=\"6\"\/>\n              <path id=\"Tracciato_1\" data-name=\"Tracciato 1\" d=\"M0,62.389,62.371,0l62.371,62.389\" transform=\"translate(139.114 0) rotate(90)\" fill=\"none\" stroke=\"#efeeed\" stroke-width=\"6\"\/>\n            <\/g>\n          <\/svg>\n\n        <\/figure>\n    <\/div>\n\n    <div class=\"card-luogo__text\">\n        <div class=\"title-luogo\"><h3>SAC Spazio Arte Contemporanea<\/h3><\/div>\n        <div class=\"paese-luogo\"><p>Milano<\/p><\/div>\n    <\/div>\n\n  <\/a>\n\n<\/div>              \t<\/article>\n\t\t\t\t\t\t\t<article class=\"col-lg-6 dark post-961 luoghi type-luoghi status-publish has-post-thumbnail hentry categoria-exhibition\">\n                \t<div class=\"splide__slide card-luogo post-961 luoghi type-luoghi status-publish has-post-thumbnail hentry categoria-exhibition\">\n\n  <a href=\"https:\/\/annalisafilippi.it\/en\/setting\/villa-sesso-schiavo\/\">\n\n    <div class=\"card-luogo__thumbnail\">\n        <figure>\n          \n          <img loading=\"lazy\" decoding=\"async\" width=\"2560\" height=\"1725\" src=\"https:\/\/annalisafilippi.it\/wp-content\/uploads\/2023\/05\/0886_015-1-scaled.jpg\" class=\"attachment-big size-big wp-post-image\" alt=\"Villa Sesso Schiavo\" srcset=\"https:\/\/annalisafilippi.it\/wp-content\/uploads\/2023\/05\/0886_015-1-scaled.jpg 2560w, https:\/\/annalisafilippi.it\/wp-content\/uploads\/2023\/05\/0886_015-1-300x202.jpg 300w, https:\/\/annalisafilippi.it\/wp-content\/uploads\/2023\/05\/0886_015-1-1024x690.jpg 1024w, https:\/\/annalisafilippi.it\/wp-content\/uploads\/2023\/05\/0886_015-1-768x518.jpg 768w, https:\/\/annalisafilippi.it\/wp-content\/uploads\/2023\/05\/0886_015-1-1536x1035.jpg 1536w, https:\/\/annalisafilippi.it\/wp-content\/uploads\/2023\/05\/0886_015-1-2048x1380.jpg 2048w\" sizes=\"auto, (max-width: 2560px) 100vw, 2560px\" \/>\n          <svg xmlns=\"http:\/\/www.w3.org\/2000\/svg\" width=\"139.822\" height=\"139.822\" viewBox=\"0 0 139.822 139.822\">\n            <g id=\"Raggruppa_74\" data-name=\"Raggruppa 74\" transform=\"translate(-51.253 102.869) rotate(-45)\">\n              <line id=\"Linea_2\" data-name=\"Linea 2\" x2=\"124.772\" transform=\"translate(14.242 62.37)\" fill=\"none\" stroke=\"#efeeed\" stroke-width=\"6\"\/>\n              <path id=\"Tracciato_1\" data-name=\"Tracciato 1\" d=\"M0,62.389,62.371,0l62.371,62.389\" transform=\"translate(139.114 0) rotate(90)\" fill=\"none\" stroke=\"#efeeed\" stroke-width=\"6\"\/>\n            <\/g>\n          <\/svg>\n\n        <\/figure>\n    <\/div>\n\n    <div class=\"card-luogo__text\">\n        <div class=\"title-luogo\"><h3>Villa Sesso Schiavo<\/h3><\/div>\n        <div class=\"paese-luogo\"><p>Via S. Lorenzo, 7 Sandrigo Vicenza<\/p><\/div>\n    <\/div>\n\n  <\/a>\n\n<\/div>              \t<\/article>\n\t\t\t\t\t\t\t<article class=\"col-lg-6 dark post-965 luoghi type-luoghi status-publish has-post-thumbnail hentry categoria-exhibition\">\n                \t<div class=\"splide__slide card-luogo post-965 luoghi type-luoghi status-publish has-post-thumbnail hentry categoria-exhibition\">\n\n  <a href=\"https:\/\/annalisafilippi.it\/en\/setting\/sogno-o-son-desto\/\">\n\n    <div class=\"card-luogo__thumbnail\">\n        <figure>\n          \n          <img loading=\"lazy\" decoding=\"async\" width=\"1000\" height=\"750\" src=\"https:\/\/annalisafilippi.it\/wp-content\/uploads\/2023\/09\/PHOTO-2023-05-28-18-34-28-1.jpg\" class=\"attachment-big size-big wp-post-image\" alt=\"Am I dreaming or am I awake?\" srcset=\"https:\/\/annalisafilippi.it\/wp-content\/uploads\/2023\/09\/PHOTO-2023-05-28-18-34-28-1.jpg 1000w, https:\/\/annalisafilippi.it\/wp-content\/uploads\/2023\/09\/PHOTO-2023-05-28-18-34-28-1-300x225.jpg 300w, https:\/\/annalisafilippi.it\/wp-content\/uploads\/2023\/09\/PHOTO-2023-05-28-18-34-28-1-768x576.jpg 768w\" sizes=\"auto, (max-width: 1000px) 100vw, 1000px\" \/>\n          <svg xmlns=\"http:\/\/www.w3.org\/2000\/svg\" width=\"139.822\" height=\"139.822\" viewBox=\"0 0 139.822 139.822\">\n            <g id=\"Raggruppa_74\" data-name=\"Raggruppa 74\" transform=\"translate(-51.253 102.869) rotate(-45)\">\n              <line id=\"Linea_2\" data-name=\"Linea 2\" x2=\"124.772\" transform=\"translate(14.242 62.37)\" fill=\"none\" stroke=\"#efeeed\" stroke-width=\"6\"\/>\n              <path id=\"Tracciato_1\" data-name=\"Tracciato 1\" d=\"M0,62.389,62.371,0l62.371,62.389\" transform=\"translate(139.114 0) rotate(90)\" fill=\"none\" stroke=\"#efeeed\" stroke-width=\"6\"\/>\n            <\/g>\n          <\/svg>\n\n        <\/figure>\n    <\/div>\n\n    <div class=\"card-luogo__text\">\n        <div class=\"title-luogo\"><h3>Am I dreaming or am I awake?<\/h3><\/div>\n        <div class=\"paese-luogo\"><p>Zaion Galley, Salita di Riva 3, Biella BI<\/p><\/div>\n    <\/div>\n\n  <\/a>\n\n<\/div>              \t<\/article>\n\t\t\t\t\t\t\t<article class=\"col-lg-6 dark post-966 luoghi type-luoghi status-publish has-post-thumbnail hentry categoria-exhibition\">\n                \t<div class=\"splide__slide card-luogo post-966 luoghi type-luoghi status-publish has-post-thumbnail hentry categoria-exhibition\">\n\n  <a href=\"https:\/\/annalisafilippi.it\/en\/setting\/le-direzioni-del-mio-stare\/\">\n\n    <div class=\"card-luogo__thumbnail\">\n        <figure>\n          \n          <img loading=\"lazy\" decoding=\"async\" width=\"1000\" height=\"667\" src=\"https:\/\/annalisafilippi.it\/wp-content\/uploads\/2023\/09\/IMG_1537.jpg\" class=\"attachment-big size-big wp-post-image\" alt=\"THE DIRECTIONS OF MY BEING\u00a0\" srcset=\"https:\/\/annalisafilippi.it\/wp-content\/uploads\/2023\/09\/IMG_1537.jpg 1000w, https:\/\/annalisafilippi.it\/wp-content\/uploads\/2023\/09\/IMG_1537-300x200.jpg 300w, https:\/\/annalisafilippi.it\/wp-content\/uploads\/2023\/09\/IMG_1537-768x512.jpg 768w\" sizes=\"auto, (max-width: 1000px) 100vw, 1000px\" \/>\n          <svg xmlns=\"http:\/\/www.w3.org\/2000\/svg\" width=\"139.822\" height=\"139.822\" viewBox=\"0 0 139.822 139.822\">\n            <g id=\"Raggruppa_74\" data-name=\"Raggruppa 74\" transform=\"translate(-51.253 102.869) rotate(-45)\">\n              <line id=\"Linea_2\" data-name=\"Linea 2\" x2=\"124.772\" transform=\"translate(14.242 62.37)\" fill=\"none\" stroke=\"#efeeed\" stroke-width=\"6\"\/>\n              <path id=\"Tracciato_1\" data-name=\"Tracciato 1\" d=\"M0,62.389,62.371,0l62.371,62.389\" transform=\"translate(139.114 0) rotate(90)\" fill=\"none\" stroke=\"#efeeed\" stroke-width=\"6\"\/>\n            <\/g>\n          <\/svg>\n\n        <\/figure>\n    <\/div>\n\n    <div class=\"card-luogo__text\">\n        <div class=\"title-luogo\"><h3>THE DIRECTIONS OF MY BEING\u00a0<\/h3><\/div>\n        <div class=\"paese-luogo\"><p>Galleria Tivarnella ART, Via Tivarnella, 5 Trieste <\/p><\/div>\n    <\/div>\n\n  <\/a>\n\n<\/div>              \t<\/article>\n\t\t\t\t\t\t\t<article class=\"col-lg-6 dark post-967 luoghi type-luoghi status-publish has-post-thumbnail hentry categoria-exhibition\">\n                \t<div class=\"splide__slide card-luogo post-967 luoghi type-luoghi status-publish has-post-thumbnail hentry categoria-exhibition\">\n\n  <a href=\"https:\/\/annalisafilippi.it\/en\/setting\/dialogo-silente\/\">\n\n    <div class=\"card-luogo__thumbnail\">\n        <figure>\n          \n          <img loading=\"lazy\" decoding=\"async\" width=\"1000\" height=\"667\" src=\"https:\/\/annalisafilippi.it\/wp-content\/uploads\/2023\/09\/1635_087.jpg\" class=\"attachment-big size-big wp-post-image\" alt=\"Silent Dialogue\" srcset=\"https:\/\/annalisafilippi.it\/wp-content\/uploads\/2023\/09\/1635_087.jpg 1000w, https:\/\/annalisafilippi.it\/wp-content\/uploads\/2023\/09\/1635_087-300x200.jpg 300w, https:\/\/annalisafilippi.it\/wp-content\/uploads\/2023\/09\/1635_087-768x512.jpg 768w\" sizes=\"auto, (max-width: 1000px) 100vw, 1000px\" \/>\n          <svg xmlns=\"http:\/\/www.w3.org\/2000\/svg\" width=\"139.822\" height=\"139.822\" viewBox=\"0 0 139.822 139.822\">\n            <g id=\"Raggruppa_74\" data-name=\"Raggruppa 74\" transform=\"translate(-51.253 102.869) rotate(-45)\">\n              <line id=\"Linea_2\" data-name=\"Linea 2\" x2=\"124.772\" transform=\"translate(14.242 62.37)\" fill=\"none\" stroke=\"#efeeed\" stroke-width=\"6\"\/>\n              <path id=\"Tracciato_1\" data-name=\"Tracciato 1\" d=\"M0,62.389,62.371,0l62.371,62.389\" transform=\"translate(139.114 0) rotate(90)\" fill=\"none\" stroke=\"#efeeed\" stroke-width=\"6\"\/>\n            <\/g>\n          <\/svg>\n\n        <\/figure>\n    <\/div>\n\n    <div class=\"card-luogo__text\">\n        <div class=\"title-luogo\"><h3>Silent Dialogue<\/h3><\/div>\n        <div class=\"paese-luogo\"><p>Galleria Contempo, Pergine Valsugana TN<\/p><\/div>\n    <\/div>\n\n  <\/a>\n\n<\/div>              \t<\/article>\n\t\t\t\t\t\t<\/div>\n\n\t\n\n\n\n\t<div class=\"row\">\n\t\t\t\t\t<div class=\"col-lg-12\">\n\t\t\t\t<h2>collection<\/h2>\n\t\t\t<\/div>\n\t\t\t\t\t\t\t<article class=\"col-lg-6 dark post-962 luoghi type-luoghi status-publish has-post-thumbnail hentry categoria-collection\">\n                \t<div class=\"splide__slide card-luogo post-962 luoghi type-luoghi status-publish has-post-thumbnail hentry categoria-collection\">\n\n  <a href=\"https:\/\/annalisafilippi.it\/en\/setting\/oratorio-s-antonio\/\">\n\n    <div class=\"card-luogo__thumbnail\">\n        <figure>\n          \n          <img loading=\"lazy\" decoding=\"async\" width=\"1600\" height=\"1067\" src=\"https:\/\/annalisafilippi.it\/wp-content\/uploads\/2023\/05\/Interno-con-statua.jpg\" class=\"attachment-big size-big wp-post-image\" alt=\"S.Antonio Oratory\" srcset=\"https:\/\/annalisafilippi.it\/wp-content\/uploads\/2023\/05\/Interno-con-statua.jpg 1600w, https:\/\/annalisafilippi.it\/wp-content\/uploads\/2023\/05\/Interno-con-statua-300x200.jpg 300w, https:\/\/annalisafilippi.it\/wp-content\/uploads\/2023\/05\/Interno-con-statua-1024x683.jpg 1024w, https:\/\/annalisafilippi.it\/wp-content\/uploads\/2023\/05\/Interno-con-statua-768x512.jpg 768w, https:\/\/annalisafilippi.it\/wp-content\/uploads\/2023\/05\/Interno-con-statua-1536x1024.jpg 1536w\" sizes=\"auto, (max-width: 1600px) 100vw, 1600px\" \/>\n          <svg xmlns=\"http:\/\/www.w3.org\/2000\/svg\" width=\"139.822\" height=\"139.822\" viewBox=\"0 0 139.822 139.822\">\n            <g id=\"Raggruppa_74\" data-name=\"Raggruppa 74\" transform=\"translate(-51.253 102.869) rotate(-45)\">\n              <line id=\"Linea_2\" data-name=\"Linea 2\" x2=\"124.772\" transform=\"translate(14.242 62.37)\" fill=\"none\" stroke=\"#efeeed\" stroke-width=\"6\"\/>\n              <path id=\"Tracciato_1\" data-name=\"Tracciato 1\" d=\"M0,62.389,62.371,0l62.371,62.389\" transform=\"translate(139.114 0) rotate(90)\" fill=\"none\" stroke=\"#efeeed\" stroke-width=\"6\"\/>\n            <\/g>\n          <\/svg>\n\n        <\/figure>\n    <\/div>\n\n    <div class=\"card-luogo__text\">\n        <div class=\"title-luogo\"><h3>S.Antonio Oratory<\/h3><\/div>\n        <div class=\"paese-luogo\"><p>Oratorio Pal\u00f9 dei Mori - Localit\u00e0 Pal\u00f9 dei Mori, n\u00b06 Lazise (VR)<\/p><\/div>\n    <\/div>\n\n  <\/a>\n\n<\/div>              \t<\/article>\n\t\t\t\t\t\t\t<article class=\"col-lg-6 dark post-963 luoghi type-luoghi status-publish has-post-thumbnail hentry categoria-collection\">\n                \t<div class=\"splide__slide card-luogo post-963 luoghi type-luoghi status-publish has-post-thumbnail hentry categoria-collection\">\n\n  <a href=\"https:\/\/annalisafilippi.it\/en\/setting\/innesti-ristorante\/\">\n\n    <div class=\"card-luogo__thumbnail\">\n        <figure>\n          \n          <img loading=\"lazy\" decoding=\"async\" width=\"1440\" height=\"1080\" src=\"https:\/\/annalisafilippi.it\/wp-content\/uploads\/2023\/05\/IMG_4106-copia.jpg\" class=\"attachment-big size-big wp-post-image\" alt=\"Innesti restaurant\" srcset=\"https:\/\/annalisafilippi.it\/wp-content\/uploads\/2023\/05\/IMG_4106-copia.jpg 1440w, https:\/\/annalisafilippi.it\/wp-content\/uploads\/2023\/05\/IMG_4106-copia-300x225.jpg 300w, https:\/\/annalisafilippi.it\/wp-content\/uploads\/2023\/05\/IMG_4106-copia-1024x768.jpg 1024w, https:\/\/annalisafilippi.it\/wp-content\/uploads\/2023\/05\/IMG_4106-copia-768x576.jpg 768w\" sizes=\"auto, (max-width: 1440px) 100vw, 1440px\" \/>\n          <svg xmlns=\"http:\/\/www.w3.org\/2000\/svg\" width=\"139.822\" height=\"139.822\" viewBox=\"0 0 139.822 139.822\">\n            <g id=\"Raggruppa_74\" data-name=\"Raggruppa 74\" transform=\"translate(-51.253 102.869) rotate(-45)\">\n              <line id=\"Linea_2\" data-name=\"Linea 2\" x2=\"124.772\" transform=\"translate(14.242 62.37)\" fill=\"none\" stroke=\"#efeeed\" stroke-width=\"6\"\/>\n              <path id=\"Tracciato_1\" data-name=\"Tracciato 1\" d=\"M0,62.389,62.371,0l62.371,62.389\" transform=\"translate(139.114 0) rotate(90)\" fill=\"none\" stroke=\"#efeeed\" stroke-width=\"6\"\/>\n            <\/g>\n          <\/svg>\n\n        <\/figure>\n    <\/div>\n\n    <div class=\"card-luogo__text\">\n        <div class=\"title-luogo\"><h3>Innesti restaurant<\/h3><\/div>\n        <div class=\"paese-luogo\"><p>Via S. Pietro, 8 Pergine Valsugana TN<\/p><\/div>\n    <\/div>\n\n  <\/a>\n\n<\/div>              \t<\/article>\n\t\t\t\t\t\t\t<article class=\"col-lg-6 dark post-964 luoghi type-luoghi status-publish has-post-thumbnail hentry categoria-collection\">\n                \t<div class=\"splide__slide card-luogo post-964 luoghi type-luoghi status-publish has-post-thumbnail hentry categoria-collection\">\n\n  <a href=\"https:\/\/annalisafilippi.it\/en\/setting\/collezione-privata-aziendale\/\">\n\n    <div class=\"card-luogo__thumbnail\">\n        <figure>\n          \n          <img loading=\"lazy\" decoding=\"async\" width=\"1080\" height=\"1350\" src=\"https:\/\/annalisafilippi.it\/wp-content\/uploads\/2023\/05\/25582DE4-0139-4286-BE67-7797F548A256.jpg\" class=\"attachment-big size-big wp-post-image\" alt=\"A direction I don&#8217;t have\" srcset=\"https:\/\/annalisafilippi.it\/wp-content\/uploads\/2023\/05\/25582DE4-0139-4286-BE67-7797F548A256.jpg 1080w, https:\/\/annalisafilippi.it\/wp-content\/uploads\/2023\/05\/25582DE4-0139-4286-BE67-7797F548A256-240x300.jpg 240w, https:\/\/annalisafilippi.it\/wp-content\/uploads\/2023\/05\/25582DE4-0139-4286-BE67-7797F548A256-819x1024.jpg 819w, https:\/\/annalisafilippi.it\/wp-content\/uploads\/2023\/05\/25582DE4-0139-4286-BE67-7797F548A256-768x960.jpg 768w\" sizes=\"auto, (max-width: 1080px) 100vw, 1080px\" \/>\n          <svg xmlns=\"http:\/\/www.w3.org\/2000\/svg\" width=\"139.822\" height=\"139.822\" viewBox=\"0 0 139.822 139.822\">\n            <g id=\"Raggruppa_74\" data-name=\"Raggruppa 74\" transform=\"translate(-51.253 102.869) rotate(-45)\">\n              <line id=\"Linea_2\" data-name=\"Linea 2\" x2=\"124.772\" transform=\"translate(14.242 62.37)\" fill=\"none\" stroke=\"#efeeed\" stroke-width=\"6\"\/>\n              <path id=\"Tracciato_1\" data-name=\"Tracciato 1\" d=\"M0,62.389,62.371,0l62.371,62.389\" transform=\"translate(139.114 0) rotate(90)\" fill=\"none\" stroke=\"#efeeed\" stroke-width=\"6\"\/>\n            <\/g>\n          <\/svg>\n\n        <\/figure>\n    <\/div>\n\n    <div class=\"card-luogo__text\">\n        <div class=\"title-luogo\"><h3>A direction I don&#8217;t have<\/h3><\/div>\n        <div class=\"paese-luogo\"><p>Collezione privata aziendale Aries Workspace, Via Praga, 5 TRENTO<\/p><\/div>\n    <\/div>\n\n  <\/a>\n\n<\/div>              \t<\/article>\n\t\t\t\t\t\t\t<article class=\"col-lg-6 dark post-968 luoghi type-luoghi status-publish has-post-thumbnail hentry categoria-collection\">\n                \t<div class=\"splide__slide card-luogo post-968 luoghi type-luoghi status-publish has-post-thumbnail hentry categoria-collection\">\n\n  <a href=\"https:\/\/annalisafilippi.it\/en\/setting\/collezione-privata-4\/\">\n\n    <div class=\"card-luogo__thumbnail\">\n        <figure>\n          \n          <img loading=\"lazy\" decoding=\"async\" width=\"1623\" height=\"1080\" src=\"https:\/\/annalisafilippi.it\/wp-content\/uploads\/2023\/05\/DSC3485.jpg\" class=\"attachment-big size-big wp-post-image\" alt=\"Cornelia, roundabouts of clouds\" srcset=\"https:\/\/annalisafilippi.it\/wp-content\/uploads\/2023\/05\/DSC3485.jpg 1623w, https:\/\/annalisafilippi.it\/wp-content\/uploads\/2023\/05\/DSC3485-300x200.jpg 300w, https:\/\/annalisafilippi.it\/wp-content\/uploads\/2023\/05\/DSC3485-1024x681.jpg 1024w, https:\/\/annalisafilippi.it\/wp-content\/uploads\/2023\/05\/DSC3485-768x511.jpg 768w, https:\/\/annalisafilippi.it\/wp-content\/uploads\/2023\/05\/DSC3485-1536x1022.jpg 1536w\" sizes=\"auto, (max-width: 1623px) 100vw, 1623px\" \/>\n          <svg xmlns=\"http:\/\/www.w3.org\/2000\/svg\" width=\"139.822\" height=\"139.822\" viewBox=\"0 0 139.822 139.822\">\n            <g id=\"Raggruppa_74\" data-name=\"Raggruppa 74\" transform=\"translate(-51.253 102.869) rotate(-45)\">\n              <line id=\"Linea_2\" data-name=\"Linea 2\" x2=\"124.772\" transform=\"translate(14.242 62.37)\" fill=\"none\" stroke=\"#efeeed\" stroke-width=\"6\"\/>\n              <path id=\"Tracciato_1\" data-name=\"Tracciato 1\" d=\"M0,62.389,62.371,0l62.371,62.389\" transform=\"translate(139.114 0) rotate(90)\" fill=\"none\" stroke=\"#efeeed\" stroke-width=\"6\"\/>\n            <\/g>\n          <\/svg>\n\n        <\/figure>\n    <\/div>\n\n    <div class=\"card-luogo__text\">\n        <div class=\"title-luogo\"><h3>Cornelia, roundabouts of clouds<\/h3><\/div>\n        <div class=\"paese-luogo\"><p>Collezione privata Trento<\/p><\/div>\n    <\/div>\n\n  <\/a>\n\n<\/div>              \t<\/article>\n\t\t\t\t\t\t\t<article class=\"col-lg-6 dark post-969 luoghi type-luoghi status-publish has-post-thumbnail hentry categoria-collection\">\n                \t<div class=\"splide__slide card-luogo post-969 luoghi type-luoghi status-publish has-post-thumbnail hentry categoria-collection\">\n\n  <a href=\"https:\/\/annalisafilippi.it\/en\/setting\/collezione-privata-3\/\">\n\n    <div class=\"card-luogo__thumbnail\">\n        <figure>\n          \n          <img loading=\"lazy\" decoding=\"async\" width=\"2500\" height=\"1666\" src=\"https:\/\/annalisafilippi.it\/wp-content\/uploads\/2023\/05\/ML_AnnalisaFilippi_8244.jpg\" class=\"attachment-big size-big wp-post-image\" alt=\"Donne palladiane\" srcset=\"https:\/\/annalisafilippi.it\/wp-content\/uploads\/2023\/05\/ML_AnnalisaFilippi_8244.jpg 2500w, https:\/\/annalisafilippi.it\/wp-content\/uploads\/2023\/05\/ML_AnnalisaFilippi_8244-300x200.jpg 300w, https:\/\/annalisafilippi.it\/wp-content\/uploads\/2023\/05\/ML_AnnalisaFilippi_8244-1024x682.jpg 1024w, https:\/\/annalisafilippi.it\/wp-content\/uploads\/2023\/05\/ML_AnnalisaFilippi_8244-768x512.jpg 768w, https:\/\/annalisafilippi.it\/wp-content\/uploads\/2023\/05\/ML_AnnalisaFilippi_8244-1536x1024.jpg 1536w, https:\/\/annalisafilippi.it\/wp-content\/uploads\/2023\/05\/ML_AnnalisaFilippi_8244-2048x1365.jpg 2048w\" sizes=\"auto, (max-width: 2500px) 100vw, 2500px\" \/>\n          <svg xmlns=\"http:\/\/www.w3.org\/2000\/svg\" width=\"139.822\" height=\"139.822\" viewBox=\"0 0 139.822 139.822\">\n            <g id=\"Raggruppa_74\" data-name=\"Raggruppa 74\" transform=\"translate(-51.253 102.869) rotate(-45)\">\n              <line id=\"Linea_2\" data-name=\"Linea 2\" x2=\"124.772\" transform=\"translate(14.242 62.37)\" fill=\"none\" stroke=\"#efeeed\" stroke-width=\"6\"\/>\n              <path id=\"Tracciato_1\" data-name=\"Tracciato 1\" d=\"M0,62.389,62.371,0l62.371,62.389\" transform=\"translate(139.114 0) rotate(90)\" fill=\"none\" stroke=\"#efeeed\" stroke-width=\"6\"\/>\n            <\/g>\n          <\/svg>\n\n        <\/figure>\n    <\/div>\n\n    <div class=\"card-luogo__text\">\n        <div class=\"title-luogo\"><h3>Donne palladiane<\/h3><\/div>\n        <div class=\"paese-luogo\"><p>Collezione privata, Rovereto TN<\/p><\/div>\n    <\/div>\n\n  <\/a>\n\n<\/div>              \t<\/article>\n\t\t\t\t\t\t\t<article class=\"col-lg-6 dark post-970 luoghi type-luoghi status-publish has-post-thumbnail hentry categoria-collection\">\n                \t<div class=\"splide__slide card-luogo post-970 luoghi type-luoghi status-publish has-post-thumbnail hentry categoria-collection\">\n\n  <a href=\"https:\/\/annalisafilippi.it\/en\/setting\/collezione-privata-2\/\">\n\n    <div class=\"card-luogo__thumbnail\">\n        <figure>\n          \n          <img loading=\"lazy\" decoding=\"async\" width=\"1440\" height=\"1080\" src=\"https:\/\/annalisafilippi.it\/wp-content\/uploads\/2023\/05\/IMG_0598.jpg\" class=\"attachment-big size-big wp-post-image\" alt=\"They will admire you new star\" srcset=\"https:\/\/annalisafilippi.it\/wp-content\/uploads\/2023\/05\/IMG_0598.jpg 1440w, https:\/\/annalisafilippi.it\/wp-content\/uploads\/2023\/05\/IMG_0598-300x225.jpg 300w, https:\/\/annalisafilippi.it\/wp-content\/uploads\/2023\/05\/IMG_0598-1024x768.jpg 1024w, https:\/\/annalisafilippi.it\/wp-content\/uploads\/2023\/05\/IMG_0598-768x576.jpg 768w\" sizes=\"auto, (max-width: 1440px) 100vw, 1440px\" \/>\n          <svg xmlns=\"http:\/\/www.w3.org\/2000\/svg\" width=\"139.822\" height=\"139.822\" viewBox=\"0 0 139.822 139.822\">\n            <g id=\"Raggruppa_74\" data-name=\"Raggruppa 74\" transform=\"translate(-51.253 102.869) rotate(-45)\">\n              <line id=\"Linea_2\" data-name=\"Linea 2\" x2=\"124.772\" transform=\"translate(14.242 62.37)\" fill=\"none\" stroke=\"#efeeed\" stroke-width=\"6\"\/>\n              <path id=\"Tracciato_1\" data-name=\"Tracciato 1\" d=\"M0,62.389,62.371,0l62.371,62.389\" transform=\"translate(139.114 0) rotate(90)\" fill=\"none\" stroke=\"#efeeed\" stroke-width=\"6\"\/>\n            <\/g>\n          <\/svg>\n\n        <\/figure>\n    <\/div>\n\n    <div class=\"card-luogo__text\">\n        <div class=\"title-luogo\"><h3>They will admire you new star<\/h3><\/div>\n        <div class=\"paese-luogo\"><p>Collezione privata, Cesena FC<\/p><\/div>\n    <\/div>\n\n  <\/a>\n\n<\/div>              \t<\/article>\n\t\t\t\t\t\t\t<article class=\"col-lg-6 dark post-971 luoghi type-luoghi status-publish has-post-thumbnail hentry categoria-collection\">\n                \t<div class=\"splide__slide card-luogo post-971 luoghi type-luoghi status-publish has-post-thumbnail hentry categoria-collection\">\n\n  <a href=\"https:\/\/annalisafilippi.it\/en\/setting\/collezione-privata\/\">\n\n    <div class=\"card-luogo__thumbnail\">\n        <figure>\n          \n          <img loading=\"lazy\" decoding=\"async\" width=\"768\" height=\"602\" src=\"https:\/\/annalisafilippi.it\/wp-content\/uploads\/2023\/09\/orizzontale.jpg\" class=\"attachment-big size-big wp-post-image\" alt=\"Blue silence\" srcset=\"https:\/\/annalisafilippi.it\/wp-content\/uploads\/2023\/09\/orizzontale.jpg 768w, https:\/\/annalisafilippi.it\/wp-content\/uploads\/2023\/09\/orizzontale-300x235.jpg 300w\" sizes=\"auto, (max-width: 768px) 100vw, 768px\" \/>\n          <svg xmlns=\"http:\/\/www.w3.org\/2000\/svg\" width=\"139.822\" height=\"139.822\" viewBox=\"0 0 139.822 139.822\">\n            <g id=\"Raggruppa_74\" data-name=\"Raggruppa 74\" transform=\"translate(-51.253 102.869) rotate(-45)\">\n              <line id=\"Linea_2\" data-name=\"Linea 2\" x2=\"124.772\" transform=\"translate(14.242 62.37)\" fill=\"none\" stroke=\"#efeeed\" stroke-width=\"6\"\/>\n              <path id=\"Tracciato_1\" data-name=\"Tracciato 1\" d=\"M0,62.389,62.371,0l62.371,62.389\" transform=\"translate(139.114 0) rotate(90)\" fill=\"none\" stroke=\"#efeeed\" stroke-width=\"6\"\/>\n            <\/g>\n          <\/svg>\n\n        <\/figure>\n    <\/div>\n\n    <div class=\"card-luogo__text\">\n        <div class=\"title-luogo\"><h3>Blue silence<\/h3><\/div>\n        <div class=\"paese-luogo\"><p>Collezione privata Grisenti Impianti, Via di Campotrentino 124  TRENTO<\/p><\/div>\n    <\/div>\n\n  <\/a>\n\n<\/div>              \t<\/article>\n\t\t\t\t\t\t<\/div>\n\n\t\n","protected":false},"excerpt":{"rendered":"","protected":false},"author":1,"featured_media":0,"parent":0,"menu_order":0,"comment_status":"closed","ping_status":"closed","template":"","meta":{"footnotes":""},"class_list":["post-896","page","type-page","status-publish","hentry"],"acf":[],"_links":{"self":[{"href":"https:\/\/annalisafilippi.it\/en\/wp-json\/wp\/v2\/pages\/896","targetHints":{"allow":["GET"]}}],"collection":[{"href":"https:\/\/annalisafilippi.it\/en\/wp-json\/wp\/v2\/pages"}],"about":[{"href":"https:\/\/annalisafilippi.it\/en\/wp-json\/wp\/v2\/types\/page"}],"author":[{"embeddable":true,"href":"https:\/\/annalisafilippi.it\/en\/wp-json\/wp\/v2\/users\/1"}],"replies":[{"embeddable":true,"href":"https:\/\/annalisafilippi.it\/en\/wp-json\/wp\/v2\/comments?post=896"}],"version-history":[{"count":0,"href":"https:\/\/annalisafilippi.it\/en\/wp-json\/wp\/v2\/pages\/896\/revisions"}],"wp:attachment":[{"href":"https:\/\/annalisafilippi.it\/en\/wp-json\/wp\/v2\/media?parent=896"}],"curies":[{"name":"wp","href":"https:\/\/api.w.org\/{rel}","templated":true}]}}